{"id":16,"date":"2020-07-14T10:36:50","date_gmt":"2020-07-14T08:36:50","guid":{"rendered":"https:\/\/moisall.com\/events\/"},"modified":"2025-10-31T03:46:28","modified_gmt":"2025-10-31T02:46:28","slug":"hochzeit","status":"publish","type":"page","link":"https:\/\/moisall.com\/en\/hochzeit\/","title":{"rendered":"Weddings"},"content":{"rendered":"<div data-elementor-type=\"wp-page\" data-elementor-id=\"16\" class=\"elementor elementor-16\">\n\t\t\t\t\t\t<section class=\"elementor-section elementor-top-section elementor-element elementor-element-37d2a4f elementor-section-height-min-height elementor-section-content-bottom elementor-section-items-bottom elementor-section-boxed elementor-section-height-default\" data-id=\"37d2a4f\" data-element_type=\"section\" data-e-type=\"section\" data-settings=\"{&quot;background_background&quot;:&quot;video&quot;,&quot;background_video_link&quot;:&quot;https:\\\/\\\/moisall.com\\\/wp-content\\\/uploads\\\/2024\\\/10\\\/12423708_1920_1080_25fps.mp4&quot;}\">\n\t\t\t\t\t\t\t\t<div class=\"elementor-background-video-container elementor-hidden-mobile\">\n\t\t\t\t\t\t\t\t\t\t\t\t\t<video class=\"elementor-background-video-hosted\" role=\"presentation\" autoplay muted playsinline loop><\/video>\n\t\t\t\t\t\t\t\t\t\t\t<\/div>\n\t\t\t\t\t\t\t\t\t<div class=\"elementor-background-overlay\"><\/div>\n\t\t\t\t\t\t\t<div class=\"elementor-container elementor-column-gap-no\">\n\t\t\t\t\t<div class=\"elementor-column elementor-col-100 elementor-top-column elementor-element elementor-element-559220c\" data-id=\"559220c\" data-element_type=\"column\" data-e-type=\"column\">\n\t\t\t<div class=\"elementor-widget-wrap elementor-element-populated\">\n\t\t\t\t\t\t<div class=\"elementor-element elementor-element-d1cb7b6 elementor-widget elementor-widget-heading\" data-id=\"d1cb7b6\" data-element_type=\"widget\" data-e-type=\"widget\" data-widget_type=\"heading.default\">\n\t\t\t\t<div class=\"elementor-widget-container\">\n\t\t\t\t\t<h6 class=\"elementor-heading-title elementor-size-default\">Heiraten im Gutshaus Moisall<\/h6>\t\t\t\t<\/div>\n\t\t\t\t<\/div>\n\t\t\t\t<div class=\"elementor-element elementor-element-78206bf elementor-widget elementor-widget-heading\" data-id=\"78206bf\" data-element_type=\"widget\" data-e-type=\"widget\" data-widget_type=\"heading.default\">\n\t\t\t\t<div class=\"elementor-widget-container\">\n\t\t\t\t\t<h2 class=\"elementor-heading-title elementor-size-default\">Die perfekte Hochzeitsfeier<\/h2>\t\t\t\t<\/div>\n\t\t\t\t<\/div>\n\t\t\t\t\t<\/div>\n\t\t<\/div>\n\t\t\t\t\t<\/div>\n\t\t<\/section>\n\t\t\t\t<section class=\"elementor-section elementor-top-section elementor-element elementor-element-a14396e elementor-section-boxed elementor-section-height-default elementor-section-height-default\" data-id=\"a14396e\" data-element_type=\"section\" data-e-type=\"section\" data-settings=\"{&quot;background_background&quot;:&quot;classic&quot;}\">\n\t\t\t\t\t\t\t<div class=\"elementor-background-overlay\"><\/div>\n\t\t\t\t\t\t\t<div class=\"elementor-container elementor-column-gap-no\">\n\t\t\t\t\t<div class=\"elementor-column elementor-col-100 elementor-top-column elementor-element elementor-element-f203a60\" data-id=\"f203a60\" data-element_type=\"column\" data-e-type=\"column\">\n\t\t\t<div class=\"elementor-widget-wrap elementor-element-populated\">\n\t\t\t\t\t\t<div class=\"elementor-element elementor-element-8085c36 elementor-widget elementor-widget-heading\" data-id=\"8085c36\" data-element_type=\"widget\" data-e-type=\"widget\" data-widget_type=\"heading.default\">\n\t\t\t\t<div class=\"elementor-widget-container\">\n\t\t\t\t\t<h2 class=\"elementor-heading-title elementor-size-default\">We\u2019ll help make your perfect day a reality with personalized wedding concepts, logistics, and execution.<\/h2>\t\t\t\t<\/div>\n\t\t\t\t<\/div>\n\t\t\t\t<section class=\"elementor-section elementor-inner-section elementor-element elementor-element-74d1231 elementor-section-boxed elementor-section-height-default elementor-section-height-default\" data-id=\"74d1231\" data-element_type=\"section\" data-e-type=\"section\">\n\t\t\t\t\t\t<div class=\"elementor-container elementor-column-gap-no\">\n\t\t\t\t\t<div class=\"elementor-column elementor-col-50 elementor-inner-column elementor-element elementor-element-6f8dbf1\" data-id=\"6f8dbf1\" data-element_type=\"column\" data-e-type=\"column\">\n\t\t\t<div class=\"elementor-widget-wrap elementor-element-populated\">\n\t\t\t\t\t\t<div class=\"elementor-element elementor-element-7d8c3e4 elementor-widget elementor-widget-text-editor\" data-id=\"7d8c3e4\" data-element_type=\"widget\" data-e-type=\"widget\" data-widget_type=\"text-editor.default\">\n\t\t\t\t<div class=\"elementor-widget-container\">\n\t\t\t\t\t\t\t\t\t<p>In einem einmaligen Ambiente organisieren wir Ihren besonderen Tag f\u00fcr Sie und Ihre G\u00e4ste. Sie k\u00f6nnen sich f\u00fcr eine standesamtliche Trauung in unserem Klavierzimmer, oder unter freiem Himmel im Park entscheiden. In unserer \u00f6rtlichen Kirche, k\u00f6nnen Sie sich den kirchlichen Segen geben lassen.<\/p>\t\t\t\t\t\t\t\t<\/div>\n\t\t\t\t<\/div>\n\t\t\t\t<div class=\"elementor-element elementor-element-8b887c7 elementor-widget elementor-widget-image\" data-id=\"8b887c7\" data-element_type=\"widget\" data-e-type=\"widget\" data-widget_type=\"image.default\">\n\t\t\t\t<div class=\"elementor-widget-container\">\n\t\t\t\t\t\t\t\t\t\t\t\t\t\t\t\t<a href=\"https:\/\/moisall.com\/wp-content\/uploads\/2025\/10\/Gutshaus-Moisall-Hochzeitsmappe-2025.pdf\" target=\"_blank\">\n\t\t\t\t\t\t\t<img fetchpriority=\"high\" decoding=\"async\" width=\"1024\" height=\"683\" src=\"https:\/\/moisall.com\/wp-content\/uploads\/2023\/02\/Magazine-mockup-1024x683.jpg\" class=\"attachment-large size-large wp-image-579\" alt=\"\" srcset=\"https:\/\/moisall.com\/wp-content\/uploads\/2023\/02\/Magazine-mockup-1024x683.jpg 1024w, https:\/\/moisall.com\/wp-content\/uploads\/2023\/02\/Magazine-mockup-300x200.jpg 300w, https:\/\/moisall.com\/wp-content\/uploads\/2023\/02\/Magazine-mockup-768x512.jpg 768w, https:\/\/moisall.com\/wp-content\/uploads\/2023\/02\/Magazine-mockup-1536x1024.jpg 1536w, https:\/\/moisall.com\/wp-content\/uploads\/2023\/02\/Magazine-mockup-18x12.jpg 18w, https:\/\/moisall.com\/wp-content\/uploads\/2023\/02\/Magazine-mockup.jpg 1920w\" sizes=\"(max-width: 1024px) 100vw, 1024px\" \/>\t\t\t\t\t\t\t\t<\/a>\n\t\t\t\t\t\t\t\t\t\t\t\t\t\t\t<\/div>\n\t\t\t\t<\/div>\n\t\t\t\t<div class=\"elementor-element elementor-element-eb46cd8 elementor-align-justify elementor-widget__width-initial elementor-widget elementor-widget-button\" data-id=\"eb46cd8\" data-element_type=\"widget\" data-e-type=\"widget\" data-settings=\"{&quot;_animation&quot;:&quot;none&quot;}\" data-widget_type=\"button.default\">\n\t\t\t\t<div class=\"elementor-widget-container\">\n\t\t\t\t\t\t\t\t\t<div class=\"elementor-button-wrapper\">\n\t\t\t\t\t<a class=\"elementor-button elementor-button-link elementor-size-lg elementor-animation-grow\" href=\"https:\/\/moisall.com\/wp-content\/uploads\/2025\/10\/Gutshaus-Moisall-Hochzeitsmappe-2025-1.pdf\" target=\"_blank\">\n\t\t\t\t\t\t<span class=\"elementor-button-content-wrapper\">\n\t\t\t\t\t\t<span class=\"elementor-button-icon\">\n\t\t\t\t<i aria-hidden=\"true\" class=\"far fa-file-pdf\"><\/i>\t\t\t<\/span>\n\t\t\t\t\t\t\t\t\t<span class=\"elementor-button-text\">Hochzeitsmappe als PDF Datei<\/span>\n\t\t\t\t\t<\/span>\n\t\t\t\t\t<\/a>\n\t\t\t\t<\/div>\n\t\t\t\t\t\t\t\t<\/div>\n\t\t\t\t<\/div>\n\t\t\t\t<div class=\"elementor-element elementor-element-18ccba2 elementor-widget elementor-widget-heading\" data-id=\"18ccba2\" data-element_type=\"widget\" data-e-type=\"widget\" data-widget_type=\"heading.default\">\n\t\t\t\t<div class=\"elementor-widget-container\">\n\t\t\t\t\t<h5 class=\"elementor-heading-title elementor-size-default\">Z\u00f6gern Sie nicht, mit uns einen Termin zur Besichtigung und Beratung zu vereinbaren.\n<\/h5>\t\t\t\t<\/div>\n\t\t\t\t<\/div>\n\t\t\t\t\t<\/div>\n\t\t<\/div>\n\t\t\t\t<div class=\"elementor-column elementor-col-50 elementor-inner-column elementor-element elementor-element-5bfa34b\" data-id=\"5bfa34b\" data-element_type=\"column\" data-e-type=\"column\">\n\t\t\t<div class=\"elementor-widget-wrap elementor-element-populated\">\n\t\t\t\t\t\t<div class=\"elementor-element elementor-element-1e653c9 elementor-widget elementor-widget-image\" data-id=\"1e653c9\" data-element_type=\"widget\" data-e-type=\"widget\" data-widget_type=\"image.default\">\n\t\t\t\t<div class=\"elementor-widget-container\">\n\t\t\t\t\t\t\t\t\t\t\t\t\t\t\t<img decoding=\"async\" width=\"1024\" height=\"1024\" src=\"https:\/\/moisall.com\/wp-content\/uploads\/2023\/02\/783f1bdf-f54a-4e0c-be31-23144b8164f5-2-1024x1024.jpg\" class=\"attachment-large size-large wp-image-581\" alt=\"\" srcset=\"https:\/\/moisall.com\/wp-content\/uploads\/2023\/02\/783f1bdf-f54a-4e0c-be31-23144b8164f5-2-1024x1024.jpg 1024w, https:\/\/moisall.com\/wp-content\/uploads\/2023\/02\/783f1bdf-f54a-4e0c-be31-23144b8164f5-2-300x300.jpg 300w, https:\/\/moisall.com\/wp-content\/uploads\/2023\/02\/783f1bdf-f54a-4e0c-be31-23144b8164f5-2-150x150.jpg 150w, https:\/\/moisall.com\/wp-content\/uploads\/2023\/02\/783f1bdf-f54a-4e0c-be31-23144b8164f5-2-768x768.jpg 768w, https:\/\/moisall.com\/wp-content\/uploads\/2023\/02\/783f1bdf-f54a-4e0c-be31-23144b8164f5-2-12x12.jpg 12w, https:\/\/moisall.com\/wp-content\/uploads\/2023\/02\/783f1bdf-f54a-4e0c-be31-23144b8164f5-2.jpg 1388w\" sizes=\"(max-width: 1024px) 100vw, 1024px\" \/>\t\t\t\t\t\t\t\t\t\t\t\t\t\t\t<\/div>\n\t\t\t\t<\/div>\n\t\t\t\t<div class=\"elementor-element elementor-element-cd9fbe5 elementor-widget elementor-widget-text-editor\" data-id=\"cd9fbe5\" data-element_type=\"widget\" data-e-type=\"widget\" data-widget_type=\"text-editor.default\">\n\t\t\t\t<div class=\"elementor-widget-container\">\n\t\t\t\t\t\t\t\t\t<p>Unsere R\u00e4umlichkeiten unterstreichen diesen einmaligen Tag und machen Ihre Hochzeit zu einem unvergesslichen Fest. Bei der Planung und Organisierung Ihrer Feier unterst\u00fctzen wir Sie tatkr\u00e4ftig und passen uns individuell Ihren Bed\u00fcrfnissen an. Alle Informationen zu Ihrer Hochzeit in unserem Gutshaus finden Sie in der Hochzeitsmappe.<\/p>\t\t\t\t\t\t\t\t<\/div>\n\t\t\t\t<\/div>\n\t\t\t\t\t<\/div>\n\t\t<\/div>\n\t\t\t\t\t<\/div>\n\t\t<\/section>\n\t\t\t\t\t<\/div>\n\t\t<\/div>\n\t\t\t\t\t<\/div>\n\t\t<\/section>\n\t\t\t\t<\/div>","protected":false},"excerpt":{"rendered":"<p>Heiraten im Gutshaus Moisall Die perfekte Hochzeitsfeier Pers\u00f6nliche Hochzeitskonzepte verbunden mit abgestimmter Planung und Durchf\u00fchrung. In einem einmaligen Ambiente organisieren wir Ihren besonderen Tag f\u00fcr Sie und Ihre G\u00e4ste. Sie k\u00f6nnen sich f\u00fcr eine standesamtliche Trauung in unserem Klavierzimmer, oder unter freiem Himmel im Park entscheiden. In unserer \u00f6rtlichen Kirche, k\u00f6nnen Sie sich den kirchlichen [&hellip;]<\/p>\n","protected":false},"author":2,"featured_media":0,"parent":0,"menu_order":0,"comment_status":"closed","ping_status":"closed","template":"","meta":{"site-sidebar-layout":"no-sidebar","site-content-layout":"page-builder","ast-site-content-layout":"default","site-content-style":"default","site-sidebar-style":"default","ast-global-header-display":"","ast-banner-title-visibility":"","ast-main-header-display":"","ast-hfb-above-header-display":"","ast-hfb-below-header-display":"","ast-hfb-mobile-header-display":"","site-post-title":"disabled","ast-breadcrumbs-content":"disabled","ast-featured-img":"disabled","footer-sml-layout":"","ast-disable-related-posts":"","theme-transparent-header-meta":"enabled","adv-header-id-meta":"","stick-header-meta":"","header-above-stick-meta":"","header-main-stick-meta":"","header-below-stick-meta":"","astra-migrate-meta-layouts":"default","ast-page-background-enabled":"default","ast-page-background-meta":{"desktop":{"background-color":"","background-image":"","background-repeat":"repeat","background-position":"center center","background-size":"auto","background-attachment":"scroll","background-type":"","background-media":"","overlay-type":"","overlay-color":"","overlay-opacity":"","overlay-gradient":""},"tablet":{"background-color":"","background-image":"","background-repeat":"repeat","background-position":"center center","background-size":"auto","background-attachment":"scroll","background-type":"","background-media":"","overlay-type":"","overlay-color":"","overlay-opacity":"","overlay-gradient":""},"mobile":{"background-color":"","background-image":"","background-repeat":"repeat","background-position":"center center","background-size":"auto","background-attachment":"scroll","background-type":"","background-media":"","overlay-type":"","overlay-color":"","overlay-opacity":"","overlay-gradient":""}},"ast-content-background-meta":{"desktop":{"background-color":"var(--ast-global-color-5)","background-image":"","background-repeat":"repeat","background-position":"center center","background-size":"auto","background-attachment":"scroll","background-type":"","background-media":"","overlay-type":"","overlay-color":"","overlay-opacity":"","overlay-gradient":""},"tablet":{"background-color":"var(--ast-global-color-5)","background-image":"","background-repeat":"repeat","background-position":"center center","background-size":"auto","background-attachment":"scroll","background-type":"","background-media":"","overlay-type":"","overlay-color":"","overlay-opacity":"","overlay-gradient":""},"mobile":{"background-color":"var(--ast-global-color-5)","background-image":"","background-repeat":"repeat","background-position":"center center","background-size":"auto","background-attachment":"scroll","background-type":"","background-media":"","overlay-type":"","overlay-color":"","overlay-opacity":"","overlay-gradient":""}},"footnotes":""},"class_list":["post-16","page","type-page","status-publish","hentry"],"_links":{"self":[{"href":"https:\/\/moisall.com\/en\/wp-json\/wp\/v2\/pages\/16","targetHints":{"allow":["GET"]}}],"collection":[{"href":"https:\/\/moisall.com\/en\/wp-json\/wp\/v2\/pages"}],"about":[{"href":"https:\/\/moisall.com\/en\/wp-json\/wp\/v2\/types\/page"}],"author":[{"embeddable":true,"href":"https:\/\/moisall.com\/en\/wp-json\/wp\/v2\/users\/2"}],"replies":[{"embeddable":true,"href":"https:\/\/moisall.com\/en\/wp-json\/wp\/v2\/comments?post=16"}],"version-history":[{"count":63,"href":"https:\/\/moisall.com\/en\/wp-json\/wp\/v2\/pages\/16\/revisions"}],"predecessor-version":[{"id":1292,"href":"https:\/\/moisall.com\/en\/wp-json\/wp\/v2\/pages\/16\/revisions\/1292"}],"wp:attachment":[{"href":"https:\/\/moisall.com\/en\/wp-json\/wp\/v2\/media?parent=16"}],"curies":[{"name":"wp","href":"https:\/\/api.w.org\/{rel}","templated":true}]}}